{"id":1252,"date":"2015-02-27T19:01:30","date_gmt":"2015-02-27T16:01:30","guid":{"rendered":"http:\/\/www.armadalogistics.com\/?page_id=1252"},"modified":"2015-02-27T19:01:30","modified_gmt":"2015-02-27T16:01:30","slug":"tehlikeli-maddeler","status":"publish","type":"page","link":"https:\/\/armadalogistics.com\/index.php\/tehlikeli-maddeler\/","title":{"rendered":"Tehlikeli Maddeler"},"content":{"rendered":"<p><a href=\"https:\/\/armadalogistics.com\/wp-content\/uploads\/2015\/02\/signs1.gif\"><img loading=\"lazy\" decoding=\"async\" src=\"https:\/\/armadalogistics.com\/wp-content\/uploads\/2015\/02\/signs1.gif\" alt=\"signs\" width=\"700\" height=\"200\" class=\"aligncenter size-full wp-image-1253\" \/><\/a><br \/>\nFirmam\u0131z Tehlikeli maddelerin ta\u015f\u0131nmas\u0131 ve g\u00fcvenli kullan\u0131m\u0131 konusunda stratejik \u00e7\u00f6z\u00fcmler sunmaktad\u0131r.<br \/>\nArmada bir \u00e7ok ta\u015f\u0131y\u0131c\u0131n\u0131n yapmad\u0131\u011f\u0131 veya yapamad\u0131\u011f\u0131 Tehlikeli Maddeler Ta\u015f\u0131mac\u0131l\u0131\u011f\u0131 konusunda uzmand\u0131r. Her t\u00fcrl\u00fc ta\u015f\u0131ma y\u00f6ntemi ile ilgili b\u00fct\u00fcn k\u0131s\u0131tlamalar ve y\u00f6netmelikler konusunda gerekli yo\u011fun e\u011fitimi<br \/>\nve yetkiyi alm\u0131\u015f ekibimiz 15 y\u0131ll\u0131k tecr\u00fcbeye sahiptir.<\/p>\n<p>Profesyonel ekibimiz tehlikeli madde ta\u015f\u0131mac\u0131l\u0131\u011f\u0131 end\u00fcstrisiyle birlikte \u00e7al\u0131\u015fmaktad\u0131r. Tehlikeli Maddeler ta\u015f\u0131ma servisimizi, t\u00fcm end\u00fcstrilerdeki  g\u00fcvenlik standartlar\u0131, t\u00fcm ilgili k\u0131s\u0131tlamalar ve y\u00f6netmelikler ile<br \/>\nuyumlu bir \u00e7er\u00e7evede sunmaktay\u0131z. Firmam\u0131z tehlikeli maddelerin t\u00fcm paketleme, dok\u00fcmantasyon ve ta\u015f\u0131nma a\u015famalar\u0131n\u0131 y\u00fcksek hassasiyetle ger\u00e7ekle\u015ftirmektir.<\/p>\n","protected":false},"excerpt":{"rendered":"<p>Firmam\u0131z Tehlikeli maddelerin ta\u015f\u0131nmas\u0131 ve g\u00fcvenli kullan\u0131m\u0131 konusunda stratejik \u00e7\u00f6z\u00fcmler sunmaktad\u0131r. Armada bir \u00e7ok ta\u015f\u0131y\u0131c\u0131n\u0131n yapmad\u0131\u011f\u0131 veya yapamad\u0131\u011f\u0131 Tehlikeli Maddeler Ta\u015f\u0131mac\u0131l\u0131\u011f\u0131 konusunda uzmand\u0131r. Her t\u00fcrl\u00fc ta\u015f\u0131ma y\u00f6ntemi ile ilgili b\u00fct\u00fcn k\u0131s\u0131tlamalar ve y\u00f6netmelikler konusunda gerekli yo\u011fun e\u011fitimi ve yetkiyi alm\u0131\u015f ekibimiz 15 y\u0131ll\u0131k tecr\u00fcbeye sahiptir. Profesyonel ekibimiz tehlikeli madde ta\u015f\u0131mac\u0131l\u0131\u011f\u0131 end\u00fcstrisiyle birlikte \u00e7al\u0131\u015fmaktad\u0131r. Tehlikeli Maddeler&#8230;<\/p>\n","protected":false},"author":1,"featured_media":0,"parent":0,"menu_order":0,"comment_status":"closed","ping_status":"closed","template":"","meta":{"footnotes":""},"class_list":["post-1252","page","type-page","status-publish","hentry","page-entry","loop-entry clr"],"_links":{"self":[{"href":"https:\/\/armadalogistics.com\/index.php\/wp-json\/wp\/v2\/pages\/1252","targetHints":{"allow":["GET"]}}],"collection":[{"href":"https:\/\/armadalogistics.com\/index.php\/wp-json\/wp\/v2\/pages"}],"about":[{"href":"https:\/\/armadalogistics.com\/index.php\/wp-json\/wp\/v2\/types\/page"}],"author":[{"embeddable":true,"href":"https:\/\/armadalogistics.com\/index.php\/wp-json\/wp\/v2\/users\/1"}],"replies":[{"embeddable":true,"href":"https:\/\/armadalogistics.com\/index.php\/wp-json\/wp\/v2\/comments?post=1252"}],"version-history":[{"count":0,"href":"https:\/\/armadalogistics.com\/index.php\/wp-json\/wp\/v2\/pages\/1252\/revisions"}],"wp:attachment":[{"href":"https:\/\/armadalogistics.com\/index.php\/wp-json\/wp\/v2\/media?parent=1252"}],"curies":[{"name":"wp","href":"https:\/\/api.w.org\/{rel}","templated":true}]}}