{"id":227,"date":"2014-06-04T09:48:21","date_gmt":"2014-06-04T06:48:21","guid":{"rendered":"http:\/\/www.armadalogistics.com\/site\/?page_id=227"},"modified":"2014-08-21T14:18:11","modified_gmt":"2014-08-21T11:18:11","slug":"sigorta","status":"publish","type":"page","link":"https:\/\/armadalogistics.com\/index.php\/sigorta\/","title":{"rendered":"Sigorta"},"content":{"rendered":"<p>T\u00fcm ta\u015f\u0131malar\u0131n\u0131z modu ne olursa olsun sorumluluk sigortamiz ile g\u00fcvence alt\u0131ndad\u0131r. Armada g\u00fczel havada sizlerle birlikte oldu\u011fu kadar, k\u00f6t\u00fc havada da sizlerin yan\u0131ndad\u0131r.<\/p>\n<p><img loading=\"lazy\" decoding=\"async\" class=\"alignright wp-image-1110\" src=\"https:\/\/armadalogistics.com\/wp-content\/uploads\/2014\/06\/insurance1.jpg\" alt=\"insurance\" width=\"300\" height=\"225\" srcset=\"https:\/\/armadalogistics.com\/wp-content\/uploads\/2014\/06\/insurance1.jpg 1140w, https:\/\/armadalogistics.com\/wp-content\/uploads\/2014\/06\/insurance1-300x225.jpg 300w, https:\/\/armadalogistics.com\/wp-content\/uploads\/2014\/06\/insurance1-1024x768.jpg 1024w, https:\/\/armadalogistics.com\/wp-content\/uploads\/2014\/06\/insurance1-150x112.jpg 150w\" sizes=\"auto, (max-width: 300px) 100vw, 300px\" \/><\/p>\n<p>\u2022 \u0130thalat\/\u0130hracat Ta\u015f\u0131malar\u0131<br \/>\n\u2022 Gabari D\u0131\u015f\u0131 Ta\u015f\u0131malar<br \/>\n\u2022 \u0130\u015f makineleri, y\u00fcr\u00fcr ara\u00e7lar<br \/>\n\u2022 \u00d6zel Ekipman Gerektiren Ta\u015f\u0131malar<br \/>\n\u2022 Fabrika ve \u00dcretim Band\u0131 Ta\u015f\u0131mas\u0131<\/p>\n","protected":false},"excerpt":{"rendered":"<p>T\u00fcm ta\u015f\u0131malar\u0131n\u0131z modu ne olursa olsun sorumluluk sigortamiz ile g\u00fcvence alt\u0131ndad\u0131r. Armada g\u00fczel havada sizlerle birlikte oldu\u011fu kadar, k\u00f6t\u00fc havada da sizlerin yan\u0131ndad\u0131r. \u2022 \u0130thalat\/\u0130hracat Ta\u015f\u0131malar\u0131 \u2022 Gabari D\u0131\u015f\u0131 Ta\u015f\u0131malar \u2022 \u0130\u015f makineleri, y\u00fcr\u00fcr ara\u00e7lar \u2022 \u00d6zel Ekipman Gerektiren Ta\u015f\u0131malar \u2022 Fabrika ve \u00dcretim Band\u0131 Ta\u015f\u0131mas\u0131<\/p>\n","protected":false},"author":1,"featured_media":0,"parent":0,"menu_order":6,"comment_status":"closed","ping_status":"closed","template":"templates\/fullwidth.php","meta":{"footnotes":""},"class_list":["post-227","page","type-page","status-publish","hentry","page-entry","loop-entry clr"],"_links":{"self":[{"href":"https:\/\/armadalogistics.com\/index.php\/wp-json\/wp\/v2\/pages\/227","targetHints":{"allow":["GET"]}}],"collection":[{"href":"https:\/\/armadalogistics.com\/index.php\/wp-json\/wp\/v2\/pages"}],"about":[{"href":"https:\/\/armadalogistics.com\/index.php\/wp-json\/wp\/v2\/types\/page"}],"author":[{"embeddable":true,"href":"https:\/\/armadalogistics.com\/index.php\/wp-json\/wp\/v2\/users\/1"}],"replies":[{"embeddable":true,"href":"https:\/\/armadalogistics.com\/index.php\/wp-json\/wp\/v2\/comments?post=227"}],"version-history":[{"count":0,"href":"https:\/\/armadalogistics.com\/index.php\/wp-json\/wp\/v2\/pages\/227\/revisions"}],"wp:attachment":[{"href":"https:\/\/armadalogistics.com\/index.php\/wp-json\/wp\/v2\/media?parent=227"}],"curies":[{"name":"wp","href":"https:\/\/api.w.org\/{rel}","templated":true}]}}