{"id":231,"date":"2014-06-04T09:56:12","date_gmt":"2014-06-04T06:56:12","guid":{"rendered":"http:\/\/www.armadalogistics.com\/site\/?page_id=231"},"modified":"2016-03-25T13:15:44","modified_gmt":"2016-03-25T10:15:44","slug":"liman-kurtarma-hizmetleri","status":"publish","type":"page","link":"https:\/\/armadalogistics.com\/index.php\/liman-kurtarma-hizmetleri\/","title":{"rendered":"Liman Kurtarma Hizmetleri"},"content":{"rendered":"<p>Hasarl\u0131 ambalaj ve\/veya konteyner nedeniyle aktar\u0131lmas\u0131 gereken Varil\/IBC\/flexitank i\u00e7indeki mallar\u0131n yeni ambalajlara ve\/veya konteynera aktarma hizmetlerini, hatlar\/acenteler\/g\u00fcmr\u00fck\/sigorta eksperleri ile i\u015fbirli\u011fi i\u00e7erisinde yap\u0131lmas\u0131n\u0131 sa\u011fl\u0131yoruz.<\/p>\n<p><img loading=\"lazy\" decoding=\"async\" class=\"wp-image-1119 alignright\" src=\"https:\/\/armadalogistics.com\/wp-content\/uploads\/2014\/06\/inspection.jpg\" alt=\"inspection\" width=\"421\" height=\"142\" srcset=\"https:\/\/armadalogistics.com\/wp-content\/uploads\/2014\/06\/inspection.jpg 1000w, https:\/\/armadalogistics.com\/wp-content\/uploads\/2014\/06\/inspection-300x101.jpg 300w, https:\/\/armadalogistics.com\/wp-content\/uploads\/2014\/06\/inspection-150x50.jpg 150w\" sizes=\"auto, (max-width: 421px) 100vw, 421px\" \/><\/p>\n<p>\u2022 S\u0131z\u0131nt\u0131li varil\/IBC\/flexitanklar\u0131n tespiti,<br \/>\n\u2022 Yeni varil\/IBC\/flexitank tedari\u011fi,<br \/>\n\u2022 \u00dcr\u00fcn cinsine g\u00f6re G\u0131da\/Kimya ya uygun pompa ve hortum ile aktarma hizmeti<br \/>\n\u2022 S\u0131v\u0131 IMO kimyevi maddelerin, \u00f6zel g\u00fcvenlik ekipmanlar\u0131m\u0131z ve e\u011fitimli personel nezaretinde aktarma hizmeti,<br \/>\n\u2022 Acente\/liman\/g\u00fcmr\u00fck\/sigorta eksperleri ile tam bir i\u015fbirli\u011fi<br \/>\n\u2022 Bula\u015f\u0131k hurdaya ayr\u0131m\u0131\u015f ambalajlar\u0131n lisansli ara\u00e7lar ile al\u0131n\u0131p, lisansli hurda tesisinde y\u00f6netmeliklere g\u00f6re bertaraf edilmesi.<\/p>\n<p><a href=\"https:\/\/armadalogistics.com\/wp-content\/uploads\/2014\/06\/salvage1.jpg\"><img loading=\"lazy\" decoding=\"async\" class=\"alignleft wp-image-1389\" src=\"https:\/\/armadalogistics.com\/wp-content\/uploads\/2014\/06\/salvage1-300x225.jpg\" alt=\"salvage1\" width=\"270\" height=\"203\" srcset=\"https:\/\/armadalogistics.com\/wp-content\/uploads\/2014\/06\/salvage1-300x225.jpg 300w, https:\/\/armadalogistics.com\/wp-content\/uploads\/2014\/06\/salvage1-150x112.jpg 150w, https:\/\/armadalogistics.com\/wp-content\/uploads\/2014\/06\/salvage1.jpg 640w\" sizes=\"auto, (max-width: 270px) 100vw, 270px\" \/><\/a> <a href=\"https:\/\/armadalogistics.com\/wp-content\/uploads\/2014\/06\/salvage2.jpg\"><img loading=\"lazy\" decoding=\"async\" class=\"alignleft wp-image-1390\" src=\"https:\/\/armadalogistics.com\/wp-content\/uploads\/2014\/06\/salvage2-300x225.jpg\" alt=\"salvage2\" width=\"270\" height=\"203\" srcset=\"https:\/\/armadalogistics.com\/wp-content\/uploads\/2014\/06\/salvage2-300x225.jpg 300w, https:\/\/armadalogistics.com\/wp-content\/uploads\/2014\/06\/salvage2-150x112.jpg 150w, https:\/\/armadalogistics.com\/wp-content\/uploads\/2014\/06\/salvage2.jpg 640w\" sizes=\"auto, (max-width: 270px) 100vw, 270px\" \/><\/a> <a href=\"https:\/\/armadalogistics.com\/wp-content\/uploads\/2014\/06\/salvage3.jpg\"><img loading=\"lazy\" decoding=\"async\" class=\"alignleft wp-image-1395\" src=\"https:\/\/armadalogistics.com\/wp-content\/uploads\/2014\/06\/salvage3-300x194.jpg\" alt=\"salvage3\" width=\"314\" height=\"203\" srcset=\"https:\/\/armadalogistics.com\/wp-content\/uploads\/2014\/06\/salvage3-300x194.jpg 300w, https:\/\/armadalogistics.com\/wp-content\/uploads\/2014\/06\/salvage3-150x97.jpg 150w, https:\/\/armadalogistics.com\/wp-content\/uploads\/2014\/06\/salvage3.jpg 640w\" sizes=\"auto, (max-width: 314px) 100vw, 314px\" \/><\/a><\/p>\n","protected":false},"excerpt":{"rendered":"<p>Hasarl\u0131 ambalaj ve\/veya konteyner nedeniyle aktar\u0131lmas\u0131 gereken Varil\/IBC\/flexitank i\u00e7indeki mallar\u0131n yeni ambalajlara ve\/veya konteynera aktarma hizmetlerini, hatlar\/acenteler\/g\u00fcmr\u00fck\/sigorta eksperleri ile i\u015fbirli\u011fi i\u00e7erisinde yap\u0131lmas\u0131n\u0131 sa\u011fl\u0131yoruz. \u2022 S\u0131z\u0131nt\u0131li varil\/IBC\/flexitanklar\u0131n tespiti, \u2022 Yeni varil\/IBC\/flexitank tedari\u011fi, \u2022 \u00dcr\u00fcn cinsine g\u00f6re G\u0131da\/Kimya ya uygun pompa ve hortum ile aktarma hizmeti \u2022 S\u0131v\u0131 IMO kimyevi maddelerin, \u00f6zel g\u00fcvenlik ekipmanlar\u0131m\u0131z ve e\u011fitimli personel&#8230;<\/p>\n","protected":false},"author":1,"featured_media":0,"parent":0,"menu_order":8,"comment_status":"closed","ping_status":"closed","template":"templates\/fullwidth.php","meta":{"footnotes":""},"class_list":["post-231","page","type-page","status-publish","hentry","page-entry","loop-entry clr"],"_links":{"self":[{"href":"https:\/\/armadalogistics.com\/index.php\/wp-json\/wp\/v2\/pages\/231","targetHints":{"allow":["GET"]}}],"collection":[{"href":"https:\/\/armadalogistics.com\/index.php\/wp-json\/wp\/v2\/pages"}],"about":[{"href":"https:\/\/armadalogistics.com\/index.php\/wp-json\/wp\/v2\/types\/page"}],"author":[{"embeddable":true,"href":"https:\/\/armadalogistics.com\/index.php\/wp-json\/wp\/v2\/users\/1"}],"replies":[{"embeddable":true,"href":"https:\/\/armadalogistics.com\/index.php\/wp-json\/wp\/v2\/comments?post=231"}],"version-history":[{"count":0,"href":"https:\/\/armadalogistics.com\/index.php\/wp-json\/wp\/v2\/pages\/231\/revisions"}],"wp:attachment":[{"href":"https:\/\/armadalogistics.com\/index.php\/wp-json\/wp\/v2\/media?parent=231"}],"curies":[{"name":"wp","href":"https:\/\/api.w.org\/{rel}","templated":true}]}}