{"id":233,"date":"2014-06-04T09:58:16","date_gmt":"2014-06-04T06:58:16","guid":{"rendered":"http:\/\/www.armadalogistics.com\/site\/?page_id=233"},"modified":"2014-08-21T14:38:46","modified_gmt":"2014-08-21T11:38:46","slug":"proje-ve-kombine-tasimacilik","status":"publish","type":"page","link":"https:\/\/armadalogistics.com\/index.php\/proje-ve-kombine-tasimacilik\/","title":{"rendered":"Proje ve Kombine Ta\u015f\u0131mac\u0131l\u0131k"},"content":{"rendered":"<p>\u0130\u015f makineleri, beton &amp; asfalt santralleri, trafolar, bas\u0131n\u00e7l\u0131 kaplar, kazanlar, reakt\u00f6rler, \u00f6zel y\u00fcr\u00fcr ara\u00e7lar, kuleler, r\u00fczgar santral par\u00e7alar\u0131, cephane, z\u0131rhl\u0131 ara\u00e7 ve yat\u0131r\u0131m projelerinize ait t\u00fcm gabari d\u0131\u015f\u0131 ve a\u011f\u0131r tonajl\u0131 y\u00fcklerinizi k\u00fcresel bir a\u011f \u00e7er\u00e7evesinde ve en etkin planlama sonras\u0131nda ba\u015far\u0131yla ta\u015f\u0131ma.<\/p>\n<p><img loading=\"lazy\" decoding=\"async\" class=\"size-medium wp-image-1123 alignright\" src=\"https:\/\/armadalogistics.com\/wp-content\/uploads\/2014\/06\/proje61-300x224.jpg\" alt=\"proje6\" width=\"300\" height=\"224\" srcset=\"https:\/\/armadalogistics.com\/wp-content\/uploads\/2014\/06\/proje61-300x224.jpg 300w, https:\/\/armadalogistics.com\/wp-content\/uploads\/2014\/06\/proje61-150x112.jpg 150w, https:\/\/armadalogistics.com\/wp-content\/uploads\/2014\/06\/proje61.jpg 601w\" sizes=\"auto, (max-width: 300px) 100vw, 300px\" \/><\/p>\n<p>&nbsp;<\/p>\n<p>\u2022 Gabari D\u0131\u015f\u0131 Ta\u015f\u0131malar<br \/>\n\u2022 \u0130\u015f makineleri, y\u00fcr\u00fcr ara\u00e7lar<br \/>\n\u2022 \u00d6zel Ekipman Gerektiren Ta\u015f\u0131malar<br \/>\n\u2022 Fabrika ve \u00dcretim Band\u0131 Ta\u015f\u0131mas\u0131<\/p>\n<p>\u2022 Deniz yolu + Kara yolu<br \/>\n\u2022 Deniz yolu + Demir yolu<br \/>\n\u2022 Kara yolu + Deniz yolu<br \/>\n\u2022 Kara yolu + Hava yolu<br \/>\n\u2022 Ro-Ro Ta\u015f\u0131mas\u0131<br \/>\n\u2022 Feribot Ta\u015f\u0131mas\u0131<\/p>\n<p>Genel \u0130\u015f oran\u0131<\/p>\n<div class=\"symple-skillbar symple-clearfix \" data-percent=\"35%\"><div class=\"symple-skillbar-title\" style=\"background: #65C25C;\"><span>Proje ve Kombine Ta\u015f\u0131mac\u0131l\u0131k<\/span><\/div><div class=\"symple-skillbar-bar\" style=\"background: #65C25C;\"><\/div><div class=\"symple-skill-bar-percent\">35%<\/div><\/div>\n","protected":false},"excerpt":{"rendered":"<p>\u0130\u015f makineleri, beton &amp; asfalt santralleri, trafolar, bas\u0131n\u00e7l\u0131 kaplar, kazanlar, reakt\u00f6rler, \u00f6zel y\u00fcr\u00fcr ara\u00e7lar, kuleler, r\u00fczgar santral par\u00e7alar\u0131, cephane, z\u0131rhl\u0131 ara\u00e7 ve yat\u0131r\u0131m projelerinize ait t\u00fcm gabari d\u0131\u015f\u0131 ve a\u011f\u0131r tonajl\u0131 y\u00fcklerinizi k\u00fcresel bir a\u011f \u00e7er\u00e7evesinde ve en etkin planlama sonras\u0131nda ba\u015far\u0131yla ta\u015f\u0131ma. &nbsp; \u2022 Gabari D\u0131\u015f\u0131 Ta\u015f\u0131malar \u2022 \u0130\u015f makineleri, y\u00fcr\u00fcr ara\u00e7lar \u2022 \u00d6zel&#8230;<\/p>\n","protected":false},"author":1,"featured_media":0,"parent":0,"menu_order":7,"comment_status":"closed","ping_status":"closed","template":"templates\/fullwidth.php","meta":{"footnotes":""},"class_list":["post-233","page","type-page","status-publish","hentry","page-entry","loop-entry clr"],"_links":{"self":[{"href":"https:\/\/armadalogistics.com\/index.php\/wp-json\/wp\/v2\/pages\/233","targetHints":{"allow":["GET"]}}],"collection":[{"href":"https:\/\/armadalogistics.com\/index.php\/wp-json\/wp\/v2\/pages"}],"about":[{"href":"https:\/\/armadalogistics.com\/index.php\/wp-json\/wp\/v2\/types\/page"}],"author":[{"embeddable":true,"href":"https:\/\/armadalogistics.com\/index.php\/wp-json\/wp\/v2\/users\/1"}],"replies":[{"embeddable":true,"href":"https:\/\/armadalogistics.com\/index.php\/wp-json\/wp\/v2\/comments?post=233"}],"version-history":[{"count":0,"href":"https:\/\/armadalogistics.com\/index.php\/wp-json\/wp\/v2\/pages\/233\/revisions"}],"wp:attachment":[{"href":"https:\/\/armadalogistics.com\/index.php\/wp-json\/wp\/v2\/media?parent=233"}],"curies":[{"name":"wp","href":"https:\/\/api.w.org\/{rel}","templated":true}]}}