{"id":235,"date":"2014-06-04T10:05:21","date_gmt":"2014-06-04T07:05:21","guid":{"rendered":"http:\/\/www.armadalogistics.com\/site\/?page_id=235"},"modified":"2014-08-21T12:17:04","modified_gmt":"2014-08-21T09:17:04","slug":"deniz-tasimaciligi","status":"publish","type":"page","link":"https:\/\/armadalogistics.com\/index.php\/deniz-tasimaciligi\/","title":{"rendered":"Denizyolu Ta\u015f\u0131mac\u0131l\u0131\u011f\u0131"},"content":{"rendered":"<p>Yayg\u0131n acente a\u011f\u0131 ile T\u00fcrkiye ve di\u011fer d\u00fcnya limanlar\u0131na\/limanlar\u0131ndan haftal\u0131k d\u00fczenli \u00e7\u0131k\u0131\u015flarla FCL \/ LCL konteyner ta\u015f\u0131mac\u0131l\u0131\u011f\u0131, Flexitank ve Isotank ta\u015f\u0131ma hizmetleri veriyoruz.<\/p>\n<p><img loading=\"lazy\" decoding=\"async\" class=\"alignright wp-image-1006\" src=\"https:\/\/armadalogistics.com\/wp-content\/uploads\/2014\/06\/freight1.jpg\" alt=\"freight\" width=\"421\" height=\"237\" srcset=\"https:\/\/armadalogistics.com\/wp-content\/uploads\/2014\/06\/freight1.jpg 600w, https:\/\/armadalogistics.com\/wp-content\/uploads\/2014\/06\/freight1-300x169.jpg 300w, https:\/\/armadalogistics.com\/wp-content\/uploads\/2014\/06\/freight1-150x84.jpg 150w\" sizes=\"auto, (max-width: 421px) 100vw, 421px\" \/><\/p>\n<p>\u2022 \u0130thalat\/\u0130hracat Ta\u015f\u0131malar\u0131<br \/>\n\u2022 FCL\/LCL Konteyner Ta\u015f\u0131malar\u0131<br \/>\n\u2022 IMDG (IMO) Tehlikeli Madde Ta\u015f\u0131malar\u0131<br \/>\n\u2022 D\u00fczenli Seferler<br \/>\n\u2022 T\u00fcrkiye Aktarmal\u0131 Transit Ta\u015f\u0131malar<br \/>\n\u2022 Zaman\u0131nda ve D\u00fczenli Evrak Teslimi<br \/>\n\u2022 H\u0131zl\u0131, G\u00fcvenilir ve Ekonomik Hizmet<br \/>\n\u2022 Y\u00fck takibi, raporlama<br \/>\n\u2022 \u00d6zel Konteyner Se\u00e7enekleri (Opentop, Flatrack, Reefer, Isotank vb)<\/p>\n","protected":false},"excerpt":{"rendered":"<p>Yayg\u0131n acente a\u011f\u0131 ile T\u00fcrkiye ve di\u011fer d\u00fcnya limanlar\u0131na\/limanlar\u0131ndan haftal\u0131k d\u00fczenli \u00e7\u0131k\u0131\u015flarla FCL \/ LCL konteyner ta\u015f\u0131mac\u0131l\u0131\u011f\u0131, Flexitank ve Isotank ta\u015f\u0131ma hizmetleri veriyoruz. \u2022 \u0130thalat\/\u0130hracat Ta\u015f\u0131malar\u0131 \u2022 FCL\/LCL Konteyner Ta\u015f\u0131malar\u0131 \u2022 IMDG (IMO) Tehlikeli Madde Ta\u015f\u0131malar\u0131 \u2022 D\u00fczenli Seferler \u2022 T\u00fcrkiye Aktarmal\u0131 Transit Ta\u015f\u0131malar \u2022 Zaman\u0131nda ve D\u00fczenli Evrak Teslimi \u2022 H\u0131zl\u0131, G\u00fcvenilir ve Ekonomik&#8230;<\/p>\n","protected":false},"author":1,"featured_media":0,"parent":0,"menu_order":1,"comment_status":"closed","ping_status":"open","template":"templates\/fullwidth.php","meta":{"footnotes":""},"class_list":["post-235","page","type-page","status-publish","hentry","page-entry","loop-entry clr"],"_links":{"self":[{"href":"https:\/\/armadalogistics.com\/index.php\/wp-json\/wp\/v2\/pages\/235","targetHints":{"allow":["GET"]}}],"collection":[{"href":"https:\/\/armadalogistics.com\/index.php\/wp-json\/wp\/v2\/pages"}],"about":[{"href":"https:\/\/armadalogistics.com\/index.php\/wp-json\/wp\/v2\/types\/page"}],"author":[{"embeddable":true,"href":"https:\/\/armadalogistics.com\/index.php\/wp-json\/wp\/v2\/users\/1"}],"replies":[{"embeddable":true,"href":"https:\/\/armadalogistics.com\/index.php\/wp-json\/wp\/v2\/comments?post=235"}],"version-history":[{"count":0,"href":"https:\/\/armadalogistics.com\/index.php\/wp-json\/wp\/v2\/pages\/235\/revisions"}],"wp:attachment":[{"href":"https:\/\/armadalogistics.com\/index.php\/wp-json\/wp\/v2\/media?parent=235"}],"curies":[{"name":"wp","href":"https:\/\/api.w.org\/{rel}","templated":true}]}}