{"id":237,"date":"2014-06-04T10:08:15","date_gmt":"2014-06-04T07:08:15","guid":{"rendered":"http:\/\/www.armadalogistics.com\/site\/?page_id=237"},"modified":"2016-04-01T13:41:41","modified_gmt":"2016-04-01T10:41:41","slug":"hava-tasimaciligi","status":"publish","type":"page","link":"https:\/\/armadalogistics.com\/index.php\/hava-tasimaciligi\/","title":{"rendered":"Havayolu Ta\u015f\u0131mac\u0131l\u0131\u011f\u0131"},"content":{"rendered":"<p>T\u00fcm hava yolu ta\u015f\u0131mac\u0131l\u0131\u011f\u0131 ihtiya\u00e7lar\u0131n\u0131za ekonomik navlunlar sa\u011flayarak size \u00f6zel butik hizmet.<\/p>\n<p><img loading=\"lazy\" decoding=\"async\" class=\"alignright wp-image-1415\" src=\"https:\/\/armadalogistics.com\/wp-content\/uploads\/2014\/06\/air-freight1.jpg\" alt=\"air-freight1\" width=\"421\" height=\"140\" \/><\/p>\n<p>\u2022 \u0130thalat\/\u0130hracat Ta\u015f\u0131malar\u0131<br \/>\n\u2022 D\u00fcnya \u00c7ap\u0131nda G\u00fc\u00e7l\u00fc Acente A\u011f\u0131<br \/>\n\u2022 D\u00fcnyan\u0131n Her Noktas\u0131ndan Her Noktas\u0131na, Kap\u0131dan Kap\u0131ya Teslimat<br \/>\n\u2022 Uzak Do\u011fu ve Avrupa\u0092dan Her Hafta D\u00fczenli Konsolidasyon<br \/>\n\u2022 Proje Ta\u015f\u0131mac\u0131l\u0131\u011f\u0131<br \/>\n\u2022 Transit Y\u00fckleme Ta\u015f\u0131mac\u0131l\u0131\u011f\u0131<br \/>\n\u2022 Havaleli \u00d6zel Ta\u015f\u0131malar<br \/>\n\u2022 Charter ve Multimodel Hizmetler<\/p>\n","protected":false},"excerpt":{"rendered":"<p>T\u00fcm hava yolu ta\u015f\u0131mac\u0131l\u0131\u011f\u0131 ihtiya\u00e7lar\u0131n\u0131za ekonomik navlunlar sa\u011flayarak size \u00f6zel butik hizmet. \u2022 \u0130thalat\/\u0130hracat Ta\u015f\u0131malar\u0131 \u2022 D\u00fcnya \u00c7ap\u0131nda G\u00fc\u00e7l\u00fc Acente A\u011f\u0131 \u2022 D\u00fcnyan\u0131n Her Noktas\u0131ndan Her Noktas\u0131na, Kap\u0131dan Kap\u0131ya Teslimat \u2022 Uzak Do\u011fu ve Avrupa\u0092dan Her Hafta D\u00fczenli Konsolidasyon \u2022 Proje Ta\u015f\u0131mac\u0131l\u0131\u011f\u0131 \u2022 Transit Y\u00fckleme Ta\u015f\u0131mac\u0131l\u0131\u011f\u0131 \u2022 Havaleli \u00d6zel Ta\u015f\u0131malar \u2022 Charter ve Multimodel Hizmetler<\/p>\n","protected":false},"author":1,"featured_media":0,"parent":0,"menu_order":2,"comment_status":"closed","ping_status":"closed","template":"templates\/fullwidth.php","meta":{"footnotes":""},"class_list":["post-237","page","type-page","status-publish","hentry","page-entry","loop-entry clr"],"_links":{"self":[{"href":"https:\/\/armadalogistics.com\/index.php\/wp-json\/wp\/v2\/pages\/237","targetHints":{"allow":["GET"]}}],"collection":[{"href":"https:\/\/armadalogistics.com\/index.php\/wp-json\/wp\/v2\/pages"}],"about":[{"href":"https:\/\/armadalogistics.com\/index.php\/wp-json\/wp\/v2\/types\/page"}],"author":[{"embeddable":true,"href":"https:\/\/armadalogistics.com\/index.php\/wp-json\/wp\/v2\/users\/1"}],"replies":[{"embeddable":true,"href":"https:\/\/armadalogistics.com\/index.php\/wp-json\/wp\/v2\/comments?post=237"}],"version-history":[{"count":0,"href":"https:\/\/armadalogistics.com\/index.php\/wp-json\/wp\/v2\/pages\/237\/revisions"}],"wp:attachment":[{"href":"https:\/\/armadalogistics.com\/index.php\/wp-json\/wp\/v2\/media?parent=237"}],"curies":[{"name":"wp","href":"https:\/\/api.w.org\/{rel}","templated":true}]}}