{"id":472,"date":"2014-06-09T14:14:58","date_gmt":"2014-06-09T11:14:58","guid":{"rendered":"http:\/\/www.armadalogistics.com\/site\/?page_id=472"},"modified":"2020-12-29T15:24:11","modified_gmt":"2020-12-29T12:24:11","slug":"incoterms-2","status":"publish","type":"page","link":"https:\/\/armadalogistics.com\/index.php\/incoterms-2\/","title":{"rendered":"Teslim \u015eekilleri"},"content":{"rendered":"<p>INCOTERMS, Uluslararas\u0131 Ticaret Odas\u0131 (ICC) taraf\u0131ndan uluslararas\u0131 ticarette kullan\u0131lan terimlerin bir standarda kavu\u015fturulmas\u0131 amac\u0131yla uygulamaya konulan bir programd\u0131r.<\/p>\n<p>\u0130lk olarak 1936&#8217;da yay\u0131nlanm\u0131\u015f INCOTERMS, zamanla uluslararas\u0131 ticarette ya\u015fanan de\u011fi\u015fikliklere ba\u011fl\u0131 olarak 1963, 1967, 1976, 1980, 1990, 2000 y\u0131llar\u0131nda revize edilmi\u015ftir. G\u00fcn\u00fcm\u00fczde ge\u00e7erli olan versiyon ise 1 Ocak 2011 &#8216;de uygulamaya giren INCOTERMS 2010&#8217;dir.<\/p>\n<p>INCOTERMS 2010, 4 ana ba\u015fl\u0131k alt\u0131nda toplanan 11 terimden olu\u015fmaktad\u0131r. 2010 versiyonunda DAF, DES, DEQ, DDU terimleri kald\u0131r\u0131larak bunlar yerine DAT(Delivered At Terminal), DAP(Delivered At Place) terimleri eklenmi\u015ftir.<\/p>\n<p><a href=\"https:\/\/armadalogistics.com\/wp-content\/uploads\/2014\/06\/UTIKAD-INCOTERMS-2020.pdf\">UTIKAD-INCOTERMS-2020<\/a><\/p>\n<p style=\"text-align: center;\"><img loading=\"lazy\" decoding=\"async\" class=\"aligncenter wp-image-473 size-full\" src=\"https:\/\/armadalogistics.com\/wp-content\/uploads\/2014\/06\/incoterms1.jpg\" alt=\"incoterms\" width=\"960\" height=\"716\" srcset=\"https:\/\/armadalogistics.com\/wp-content\/uploads\/2014\/06\/incoterms1.jpg 960w, https:\/\/armadalogistics.com\/wp-content\/uploads\/2014\/06\/incoterms1-300x223.jpg 300w, https:\/\/armadalogistics.com\/wp-content\/uploads\/2014\/06\/incoterms1-150x111.jpg 150w\" sizes=\"auto, (max-width: 960px) 100vw, 960px\" \/><a href=\"https:\/\/armadalogistics.com\/files\/incoterms.pdf\" class=\"symple-button large blue   \" target=\"_blank\" title=\"Visit Site\" style=\"border-radius:3px\" rel=\"follow\"><span class=\"symple-button-inner\" style=\"border-radius:3px\"><span class=\"symple-button-icon-left fa fa-download\"><\/span>Teslim \u015eekilleri T\u00fcrk\u00e7e PDF \u0130ndir<\/span><\/a>\n<p style=\"text-align: center;\"><a href=\"https:\/\/armadalogistics.com\/files\/lojistik_terimler_sozlugu.pdf\" class=\"symple-button large blue   \" target=\"_blank\" title=\"Visit Site\" style=\"border-radius:3px\" rel=\"follow\"><span class=\"symple-button-inner\" style=\"border-radius:3px\"><span class=\"symple-button-icon-left fa fa-download\"><\/span>Lojistik Terimler S\u00f6zl\u00fc\u011f\u00fc PDF \u0130ndir<\/span><\/a>\n","protected":false},"excerpt":{"rendered":"<p>INCOTERMS, Uluslararas\u0131 Ticaret Odas\u0131 (ICC) taraf\u0131ndan uluslararas\u0131 ticarette kullan\u0131lan terimlerin bir standarda kavu\u015fturulmas\u0131 amac\u0131yla uygulamaya konulan bir programd\u0131r. \u0130lk olarak 1936&#8217;da yay\u0131nlanm\u0131\u015f INCOTERMS, zamanla uluslararas\u0131 ticarette ya\u015fanan de\u011fi\u015fikliklere ba\u011fl\u0131 olarak 1963, 1967, 1976, 1980, 1990, 2000 y\u0131llar\u0131nda revize edilmi\u015ftir. G\u00fcn\u00fcm\u00fczde ge\u00e7erli olan versiyon ise 1 Ocak 2011 &#8216;de uygulamaya giren INCOTERMS 2010&#8217;dir. INCOTERMS 2010, 4&#8230;<\/p>\n","protected":false},"author":1,"featured_media":0,"parent":0,"menu_order":0,"comment_status":"closed","ping_status":"open","template":"templates\/fullwidth.php","meta":{"footnotes":""},"class_list":["post-472","page","type-page","status-publish","hentry","page-entry","loop-entry clr"],"_links":{"self":[{"href":"https:\/\/armadalogistics.com\/index.php\/wp-json\/wp\/v2\/pages\/472","targetHints":{"allow":["GET"]}}],"collection":[{"href":"https:\/\/armadalogistics.com\/index.php\/wp-json\/wp\/v2\/pages"}],"about":[{"href":"https:\/\/armadalogistics.com\/index.php\/wp-json\/wp\/v2\/types\/page"}],"author":[{"embeddable":true,"href":"https:\/\/armadalogistics.com\/index.php\/wp-json\/wp\/v2\/users\/1"}],"replies":[{"embeddable":true,"href":"https:\/\/armadalogistics.com\/index.php\/wp-json\/wp\/v2\/comments?post=472"}],"version-history":[{"count":0,"href":"https:\/\/armadalogistics.com\/index.php\/wp-json\/wp\/v2\/pages\/472\/revisions"}],"wp:attachment":[{"href":"https:\/\/armadalogistics.com\/index.php\/wp-json\/wp\/v2\/media?parent=472"}],"curies":[{"name":"wp","href":"https:\/\/api.w.org\/{rel}","templated":true}]}}