{"id":518,"date":"2014-06-09T17:24:10","date_gmt":"2014-06-09T14:24:10","guid":{"rendered":"http:\/\/www.armadalogistics.com\/site\/?page_id=518"},"modified":"2014-06-09T17:24:10","modified_gmt":"2014-06-09T14:24:10","slug":"kamyon-olculeri","status":"publish","type":"page","link":"https:\/\/armadalogistics.com\/index.php\/kamyon-olculeri\/","title":{"rendered":"Kamyon \u00d6l\u00e7\u00fcleri"},"content":{"rendered":"<p><img loading=\"lazy\" decoding=\"async\" class=\"aligncenter size-full wp-image-519\" src=\"https:\/\/armadalogistics.com\/wp-content\/uploads\/2014\/06\/truck-dimensions1.jpg\" alt=\"truck-dimensions\" width=\"660\" height=\"676\" srcset=\"https:\/\/armadalogistics.com\/wp-content\/uploads\/2014\/06\/truck-dimensions1.jpg 660w, https:\/\/armadalogistics.com\/wp-content\/uploads\/2014\/06\/truck-dimensions1-292x300.jpg 292w, https:\/\/armadalogistics.com\/wp-content\/uploads\/2014\/06\/truck-dimensions1-146x150.jpg 146w\" sizes=\"auto, (max-width: 660px) 100vw, 660px\" \/><\/p>\n","protected":false},"excerpt":{"rendered":"","protected":false},"author":1,"featured_media":0,"parent":0,"menu_order":0,"comment_status":"closed","ping_status":"open","template":"templates\/fullwidth.php","meta":{"footnotes":""},"class_list":["post-518","page","type-page","status-publish","hentry","page-entry","loop-entry clr"],"_links":{"self":[{"href":"https:\/\/armadalogistics.com\/index.php\/wp-json\/wp\/v2\/pages\/518","targetHints":{"allow":["GET"]}}],"collection":[{"href":"https:\/\/armadalogistics.com\/index.php\/wp-json\/wp\/v2\/pages"}],"about":[{"href":"https:\/\/armadalogistics.com\/index.php\/wp-json\/wp\/v2\/types\/page"}],"author":[{"embeddable":true,"href":"https:\/\/armadalogistics.com\/index.php\/wp-json\/wp\/v2\/users\/1"}],"replies":[{"embeddable":true,"href":"https:\/\/armadalogistics.com\/index.php\/wp-json\/wp\/v2\/comments?post=518"}],"version-history":[{"count":0,"href":"https:\/\/armadalogistics.com\/index.php\/wp-json\/wp\/v2\/pages\/518\/revisions"}],"wp:attachment":[{"href":"https:\/\/armadalogistics.com\/index.php\/wp-json\/wp\/v2\/media?parent=518"}],"curies":[{"name":"wp","href":"https:\/\/api.w.org\/{rel}","templated":true}]}}