{"id":769,"date":"2014-06-11T11:55:08","date_gmt":"2014-06-11T08:55:08","guid":{"rendered":"http:\/\/www.armadalogistics.com\/site\/?page_id=769"},"modified":"2020-06-17T16:28:05","modified_gmt":"2020-06-17T13:28:05","slug":"sertifikalarimiz","status":"publish","type":"page","link":"https:\/\/armadalogistics.com\/index.php\/hakkimizda\/sertifikalarimiz\/","title":{"rendered":"Sertifikalar\u0131m\u0131z"},"content":{"rendered":"<div id=\"symple-tab-3153\" class=\"symple-tabs\"><ul class=\"ui-tabs-nav symple-clearfix\"><li><a href=\"#symple-tab-fiata\">FIATA<\/a><\/li><li><a href=\"#symple-tab-utikad\">UT\u0130KAD<\/a><\/li><li><a href=\"#symple-tab-istanbul-ticaret-odasi\">\u0130stanbul Ticaret Odas\u0131<\/a><\/li><li><a href=\"#symple-tab-deniz-ticaret-odasi\">Deniz Ticaret Odas\u0131<\/a><\/li><li><a href=\"#symple-tab-turk-loydu-vakfi\">T\u00fcrk Loydu Vakf\u0131<\/a><\/li><li><a href=\"#symple-tab-all-world-shipping\">All World Shipping<\/a><\/li><li><a href=\"#symple-tab-wca\">WCA<\/a><\/li><li><a href=\"#symple-tab-fiata-air-cargo-certificate-cihan-ozkal\">FIATA Air Cargo Certificate Cihan Ozkal<\/a><\/li><li><a href=\"#symple-tab-fiata-diploma-cihan-ozkal\">FIATA Diploma Cihan Ozkal<\/a><\/li><li><a href=\"#symple-tab-fiata-air-cargo-certificate-evren-yucal\">FIATA Air Cargo Certificate Evren Yucal<\/a><\/li><li><a href=\"#symple-tab-fiata-diploma-evren-yucal\">FIATA Diploma Evren Yucal<\/a><\/li><li><a href=\"#symple-tab-tasima-isleri-organizatorlugu-yetki-belgesi\">Ta\u015f\u0131ma \u0130\u015fleri Organizat\u00f6rl\u00fc\u011f\u00fc Yetki Belgesi<\/a><\/li><\/ul>\n<div id=\"symple-tab-fiata\" class=\"tab-content symple-clearfix \">\n<p><a href=\"https:\/\/armadalogistics.com\/wp-content\/uploads\/2014\/06\/fiata-20181.jpg\"><img loading=\"lazy\" decoding=\"async\" class=\"aligncenter wp-image-1710\" src=\"https:\/\/armadalogistics.com\/wp-content\/uploads\/2014\/06\/fiata-20181-696x1024.jpg\" alt=\"fiata-2018\" width=\"500\" height=\"735\" srcset=\"https:\/\/armadalogistics.com\/wp-content\/uploads\/2014\/06\/fiata-20181-696x1024.jpg 696w, https:\/\/armadalogistics.com\/wp-content\/uploads\/2014\/06\/fiata-20181-204x300.jpg 204w, https:\/\/armadalogistics.com\/wp-content\/uploads\/2014\/06\/fiata-20181-102x150.jpg 102w, https:\/\/armadalogistics.com\/wp-content\/uploads\/2014\/06\/fiata-20181.jpg 1000w\" sizes=\"auto, (max-width: 500px) 100vw, 500px\" \/><\/a><\/p>\n<\/div>\n<div id=\"symple-tab-utikad\" class=\"tab-content symple-clearfix \">\n<p><a href=\"https:\/\/armadalogistics.com\/wp-content\/uploads\/2014\/06\/utikad1.jpg\"><img loading=\"lazy\" decoding=\"async\" class=\"aligncenter wp-image-1242\" src=\"https:\/\/armadalogistics.com\/wp-content\/uploads\/2014\/06\/utikad1.jpg\" alt=\"utikad\" width=\"500\" height=\"707\" srcset=\"https:\/\/armadalogistics.com\/wp-content\/uploads\/2014\/06\/utikad1.jpg 543w, https:\/\/armadalogistics.com\/wp-content\/uploads\/2014\/06\/utikad1-212x300.jpg 212w, https:\/\/armadalogistics.com\/wp-content\/uploads\/2014\/06\/utikad1-106x150.jpg 106w\" sizes=\"auto, (max-width: 500px) 100vw, 500px\" \/><\/a><\/div>\n<div id=\"symple-tab-istanbul-ticaret-odasi\" class=\"tab-content symple-clearfix \">\n<div id=\"attachment_1017\" style=\"width: 684px\" class=\"wp-caption aligncenter\"><a href=\"https:\/\/armadalogistics.com\/wp-content\/uploads\/2014\/06\/ito1.jpg\"><img loading=\"lazy\" decoding=\"async\" aria-describedby=\"caption-attachment-1017\" class=\"size-large wp-image-1017\" src=\"https:\/\/armadalogistics.com\/wp-content\/uploads\/2014\/06\/ito1-674x1024.jpg\" alt=\"\u0130stanbul Ticaret Odas\u0131\" width=\"674\" height=\"1024\" srcset=\"https:\/\/armadalogistics.com\/wp-content\/uploads\/2014\/06\/ito1-674x1024.jpg 674w, https:\/\/armadalogistics.com\/wp-content\/uploads\/2014\/06\/ito1-197x300.jpg 197w, https:\/\/armadalogistics.com\/wp-content\/uploads\/2014\/06\/ito1-98x150.jpg 98w, https:\/\/armadalogistics.com\/wp-content\/uploads\/2014\/06\/ito1.jpg 1135w\" sizes=\"auto, (max-width: 674px) 100vw, 674px\" \/><\/a><p id=\"caption-attachment-1017\" class=\"wp-caption-text\">\u0130stanbul Ticaret Odas\u0131<\/p><\/div>\n<\/div>\n<div id=\"symple-tab-deniz-ticaret-odasi\" class=\"tab-content symple-clearfix \">\n<div id=\"attachment_1018\" style=\"width: 735px\" class=\"wp-caption aligncenter\"><a href=\"https:\/\/armadalogistics.com\/wp-content\/uploads\/2014\/06\/dto1.jpg\"><img loading=\"lazy\" decoding=\"async\" aria-describedby=\"caption-attachment-1018\" class=\"size-large wp-image-1018\" src=\"https:\/\/armadalogistics.com\/wp-content\/uploads\/2014\/06\/dto1-725x1024.jpg\" alt=\"Deniz Ticaret Odas\u0131\" width=\"725\" height=\"1024\" srcset=\"https:\/\/armadalogistics.com\/wp-content\/uploads\/2014\/06\/dto1-725x1024.jpg 725w, https:\/\/armadalogistics.com\/wp-content\/uploads\/2014\/06\/dto1-212x300.jpg 212w, https:\/\/armadalogistics.com\/wp-content\/uploads\/2014\/06\/dto1-106x150.jpg 106w, https:\/\/armadalogistics.com\/wp-content\/uploads\/2014\/06\/dto1.jpg 1135w\" sizes=\"auto, (max-width: 725px) 100vw, 725px\" \/><\/a><p id=\"caption-attachment-1018\" class=\"wp-caption-text\">Deniz Ticaret Odas\u0131<\/p><\/div>\n<\/div>\n<div id=\"symple-tab-turk-loydu-vakfi\" class=\"tab-content symple-clearfix \">\n<div id=\"attachment_775\" style=\"width: 510px\" class=\"wp-caption aligncenter\"><a href=\"https:\/\/armadalogistics.com\/wp-content\/uploads\/2014\/06\/tl1.jpg\"><img loading=\"lazy\" decoding=\"async\" aria-describedby=\"caption-attachment-775\" class=\"wp-image-775\" src=\"https:\/\/armadalogistics.com\/wp-content\/uploads\/2014\/06\/tl1-708x1024.jpg\" alt=\"tl\" width=\"500\" height=\"723\" srcset=\"https:\/\/armadalogistics.com\/wp-content\/uploads\/2014\/06\/tl1-708x1024.jpg 708w, https:\/\/armadalogistics.com\/wp-content\/uploads\/2014\/06\/tl1-207x300.jpg 207w, https:\/\/armadalogistics.com\/wp-content\/uploads\/2014\/06\/tl1-103x150.jpg 103w, https:\/\/armadalogistics.com\/wp-content\/uploads\/2014\/06\/tl1.jpg 1146w\" sizes=\"auto, (max-width: 500px) 100vw, 500px\" \/><\/a><p id=\"caption-attachment-775\" class=\"wp-caption-text\">T\u00fcrk Loydu Vakf\u0131<\/p><\/div>\n<\/div>\n<div id=\"symple-tab-all-world-shipping\" class=\"tab-content symple-clearfix \">\n<div id=\"attachment_1328\" style=\"width: 510px\" class=\"wp-caption aligncenter\"><a href=\"https:\/\/armadalogistics.com\/wp-content\/uploads\/2014\/06\/aws1.jpg\"><img loading=\"lazy\" decoding=\"async\" aria-describedby=\"caption-attachment-1328\" class=\"wp-image-1328\" src=\"https:\/\/armadalogistics.com\/wp-content\/uploads\/2014\/06\/aws1.jpg\" alt=\"All World Shipping\" width=\"500\" height=\"353\" srcset=\"https:\/\/armadalogistics.com\/wp-content\/uploads\/2014\/06\/aws1.jpg 999w, https:\/\/armadalogistics.com\/wp-content\/uploads\/2014\/06\/aws1-300x211.jpg 300w, https:\/\/armadalogistics.com\/wp-content\/uploads\/2014\/06\/aws1-150x105.jpg 150w\" sizes=\"auto, (max-width: 500px) 100vw, 500px\" \/><\/a><p id=\"caption-attachment-1328\" class=\"wp-caption-text\">All World Shipping<\/p><\/div>\n<p>&nbsp;<\/p>\n<\/div>\n<div id=\"symple-tab-wca\" class=\"tab-content symple-clearfix \">\n<p><a href=\"https:\/\/armadalogistics.com\/wp-content\/uploads\/2014\/06\/wca-cert1.jpg\"><img loading=\"lazy\" decoding=\"async\" class=\"aligncenter wp-image-1356\" src=\"https:\/\/armadalogistics.com\/wp-content\/uploads\/2014\/06\/wca-cert1.jpg\" alt=\"wca-cert\" width=\"500\" height=\"366\" srcset=\"https:\/\/armadalogistics.com\/wp-content\/uploads\/2014\/06\/wca-cert1.jpg 2111w, https:\/\/armadalogistics.com\/wp-content\/uploads\/2014\/06\/wca-cert1-300x219.jpg 300w, https:\/\/armadalogistics.com\/wp-content\/uploads\/2014\/06\/wca-cert1-1024x749.jpg 1024w, https:\/\/armadalogistics.com\/wp-content\/uploads\/2014\/06\/wca-cert1-150x109.jpg 150w\" sizes=\"auto, (max-width: 500px) 100vw, 500px\" \/><\/a><\/p>\n<\/div>\n<div id=\"symple-tab-fiata-air-cargo-certificate-cihan-ozkal\" class=\"tab-content symple-clearfix \">\n<div id=\"attachment_1585\" style=\"width: 510px\" class=\"wp-caption aligncenter\"><a href=\"https:\/\/armadalogistics.com\/wp-content\/uploads\/2014\/06\/FIATA_Air_Cargo_Certificate-Cihan-Ozkal.jpg\"><img loading=\"lazy\" decoding=\"async\" aria-describedby=\"caption-attachment-1585\" class=\"wp-image-1585\" src=\"https:\/\/armadalogistics.com\/wp-content\/uploads\/2014\/06\/FIATA_Air_Cargo_Certificate-Cihan-Ozkal.jpg\" alt=\"FIATA Air Cargo Certificate Cihan Ozkal\" width=\"500\" height=\"707\" srcset=\"https:\/\/armadalogistics.com\/wp-content\/uploads\/2014\/06\/FIATA_Air_Cargo_Certificate-Cihan-Ozkal.jpg 2481w, https:\/\/armadalogistics.com\/wp-content\/uploads\/2014\/06\/FIATA_Air_Cargo_Certificate-Cihan-Ozkal-212x300.jpg 212w, https:\/\/armadalogistics.com\/wp-content\/uploads\/2014\/06\/FIATA_Air_Cargo_Certificate-Cihan-Ozkal-724x1024.jpg 724w, https:\/\/armadalogistics.com\/wp-content\/uploads\/2014\/06\/FIATA_Air_Cargo_Certificate-Cihan-Ozkal-106x150.jpg 106w\" sizes=\"auto, (max-width: 500px) 100vw, 500px\" \/><\/a><p id=\"caption-attachment-1585\" class=\"wp-caption-text\">FIATA Air Cargo Certificate Cihan Ozkal<\/p><\/div>\n<p>&nbsp;<\/p>\n<\/div>\n<div id=\"symple-tab-fiata-diploma-cihan-ozkal\" class=\"tab-content symple-clearfix \">\n<div id=\"attachment_1588\" style=\"width: 510px\" class=\"wp-caption aligncenter\"><a href=\"https:\/\/armadalogistics.com\/wp-content\/uploads\/2014\/06\/FIATA_Diploma_Cihan_Ozkal.jpg\"><img loading=\"lazy\" decoding=\"async\" aria-describedby=\"caption-attachment-1588\" class=\"wp-image-1588\" src=\"https:\/\/armadalogistics.com\/wp-content\/uploads\/2014\/06\/FIATA_Diploma_Cihan_Ozkal.jpg\" alt=\"FIATA Diploma Cihan Ozkal\" width=\"500\" height=\"707\" srcset=\"https:\/\/armadalogistics.com\/wp-content\/uploads\/2014\/06\/FIATA_Diploma_Cihan_Ozkal.jpg 2480w, https:\/\/armadalogistics.com\/wp-content\/uploads\/2014\/06\/FIATA_Diploma_Cihan_Ozkal-212x300.jpg 212w, https:\/\/armadalogistics.com\/wp-content\/uploads\/2014\/06\/FIATA_Diploma_Cihan_Ozkal-724x1024.jpg 724w, https:\/\/armadalogistics.com\/wp-content\/uploads\/2014\/06\/FIATA_Diploma_Cihan_Ozkal-106x150.jpg 106w\" sizes=\"auto, (max-width: 500px) 100vw, 500px\" \/><\/a><p id=\"caption-attachment-1588\" class=\"wp-caption-text\">FIATA Diploma Cihan Ozkal<\/p><\/div>\n<\/div>\n<div id=\"symple-tab-fiata-air-cargo-certificate-evren-yucal\" class=\"tab-content symple-clearfix \">\n<p>&nbsp;<\/p>\n<div id=\"attachment_1667\" style=\"width: 510px\" class=\"wp-caption aligncenter\"><a href=\"https:\/\/armadalogistics.com\/wp-content\/uploads\/2014\/06\/evren-cert1.jpg\"><img loading=\"lazy\" decoding=\"async\" aria-describedby=\"caption-attachment-1667\" class=\"wp-image-1667\" src=\"https:\/\/armadalogistics.com\/wp-content\/uploads\/2014\/06\/evren-cert1-744x1024.jpg\" alt=\"FIATA Air Cargo Certificate Evren Yucal\" width=\"500\" height=\"688\" srcset=\"https:\/\/armadalogistics.com\/wp-content\/uploads\/2014\/06\/evren-cert1-744x1024.jpg 744w, https:\/\/armadalogistics.com\/wp-content\/uploads\/2014\/06\/evren-cert1-218x300.jpg 218w, https:\/\/armadalogistics.com\/wp-content\/uploads\/2014\/06\/evren-cert1-109x150.jpg 109w\" sizes=\"auto, (max-width: 500px) 100vw, 500px\" \/><\/a><p id=\"caption-attachment-1667\" class=\"wp-caption-text\">FIATA Air Cargo Certificate Evren Yucal<\/p><\/div>\n<\/div>\n<p>&nbsp;<\/p>\n<div id=\"symple-tab-fiata-diploma-evren-yucal\" class=\"tab-content symple-clearfix \">\n<div id=\"attachment_1668\" style=\"width: 510px\" class=\"wp-caption aligncenter\"><a href=\"https:\/\/armadalogistics.com\/wp-content\/uploads\/2014\/06\/evren-diploma1.jpg\"><img loading=\"lazy\" decoding=\"async\" aria-describedby=\"caption-attachment-1668\" class=\"wp-image-1668\" src=\"https:\/\/armadalogistics.com\/wp-content\/uploads\/2014\/06\/evren-diploma1-744x1024.jpg\" alt=\"evren-diploma\" width=\"500\" height=\"688\" srcset=\"https:\/\/armadalogistics.com\/wp-content\/uploads\/2014\/06\/evren-diploma1-744x1024.jpg 744w, https:\/\/armadalogistics.com\/wp-content\/uploads\/2014\/06\/evren-diploma1-218x300.jpg 218w, https:\/\/armadalogistics.com\/wp-content\/uploads\/2014\/06\/evren-diploma1-109x150.jpg 109w\" sizes=\"auto, (max-width: 500px) 100vw, 500px\" \/><\/a><p id=\"caption-attachment-1668\" class=\"wp-caption-text\">FIATA Diploma Evren Yucal<\/p><\/div>\n<\/div>\n<p>&nbsp;<\/p>\n<div id=\"symple-tab-tasima-isleri-organizatorlugu-yetki-belgesi\" class=\"tab-content symple-clearfix \">\n<div id=\"attachment_1749\" style=\"width: 856px\" class=\"wp-caption aligncenter\"><a href=\"https:\/\/armadalogistics.com\/wp-content\/uploads\/2014\/06\/2019-07-25_15-29-20.png\"><img loading=\"lazy\" decoding=\"async\" aria-describedby=\"caption-attachment-1749\" class=\"wp-image-1749 size-full\" src=\"https:\/\/armadalogistics.com\/wp-content\/uploads\/2014\/06\/2019-07-25_15-29-20.png\" alt=\"Ta\u015f\u0131ma \u0130\u015fleri Organizat\u00f6rl\u00fc\u011f\u00fc Yetki Belgesi\" width=\"846\" height=\"597\" srcset=\"https:\/\/armadalogistics.com\/wp-content\/uploads\/2014\/06\/2019-07-25_15-29-20.png 846w, https:\/\/armadalogistics.com\/wp-content\/uploads\/2014\/06\/2019-07-25_15-29-20-300x211.png 300w, https:\/\/armadalogistics.com\/wp-content\/uploads\/2014\/06\/2019-07-25_15-29-20-150x105.png 150w\" sizes=\"auto, (max-width: 846px) 100vw, 846px\" \/><\/a><p id=\"caption-attachment-1749\" class=\"wp-caption-text\">Ta\u015f\u0131ma \u0130\u015fleri Organizat\u00f6rl\u00fc\u011f\u00fc Yetki Belgesi<\/p><\/div>\n<\/div>\n<p>&nbsp;<\/p>\n<\/div>\n","protected":false},"excerpt":{"rendered":"","protected":false},"author":1,"featured_media":0,"parent":207,"menu_order":0,"comment_status":"closed","ping_status":"open","template":"templates\/fullwidth.php","meta":{"footnotes":""},"class_list":["post-769","page","type-page","status-publish","hentry","page-entry","loop-entry clr"],"_links":{"self":[{"href":"https:\/\/armadalogistics.com\/index.php\/wp-json\/wp\/v2\/pages\/769","targetHints":{"allow":["GET"]}}],"collection":[{"href":"https:\/\/armadalogistics.com\/index.php\/wp-json\/wp\/v2\/pages"}],"about":[{"href":"https:\/\/armadalogistics.com\/index.php\/wp-json\/wp\/v2\/types\/page"}],"author":[{"embeddable":true,"href":"https:\/\/armadalogistics.com\/index.php\/wp-json\/wp\/v2\/users\/1"}],"replies":[{"embeddable":true,"href":"https:\/\/armadalogistics.com\/index.php\/wp-json\/wp\/v2\/comments?post=769"}],"version-history":[{"count":0,"href":"https:\/\/armadalogistics.com\/index.php\/wp-json\/wp\/v2\/pages\/769\/revisions"}],"up":[{"embeddable":true,"href":"https:\/\/armadalogistics.com\/index.php\/wp-json\/wp\/v2\/pages\/207"}],"wp:attachment":[{"href":"https:\/\/armadalogistics.com\/index.php\/wp-json\/wp\/v2\/media?parent=769"}],"curies":[{"name":"wp","href":"https:\/\/api.w.org\/{rel}","templated":true}]}}