{"id":960,"date":"2014-06-17T21:26:49","date_gmt":"2014-06-12T08:50:26","guid":{"rendered":"http:\/\/www.armadalogistics.com\/site\/?page_id=960"},"modified":"2022-09-30T15:23:13","modified_gmt":"2022-09-30T12:23:13","slug":"teklif-alin","status":"publish","type":"page","link":"https:\/\/armadalogistics.com\/index.php\/teklif-alin\/","title":{"rendered":"Teklif Al\u0131n"},"content":{"rendered":"<p>Armada&#8217;dan marketing@armadalogistics.com adresine eposta ileterek teklif alabilirsiniz. Size en k\u0131sa s\u00fcrede geri d\u00f6nece\u011fiz. Bizden en uygun ve en iyi teklifi alabilmek i\u00e7in m\u00fcmk\u00fcn oldu\u011fu kadar ayr\u0131nt\u0131l\u0131 olarak talebinizi bildirmenizi rica ederiz.<\/p>\n","protected":false},"excerpt":{"rendered":"<p>Armada&#8217;dan marketing@armadalogistics.com adresine eposta ileterek teklif alabilirsiniz. Size en k\u0131sa s\u00fcrede geri d\u00f6nece\u011fiz. Bizden en uygun ve en iyi teklifi alabilmek i\u00e7in m\u00fcmk\u00fcn oldu\u011fu kadar ayr\u0131nt\u0131l\u0131 olarak talebinizi bildirmenizi rica ederiz.<\/p>\n","protected":false},"author":1,"featured_media":0,"parent":0,"menu_order":0,"comment_status":"closed","ping_status":"open","template":"templates\/fullwidth.php","meta":{"footnotes":""},"class_list":["post-960","page","type-page","status-publish","hentry","page-entry","loop-entry clr"],"_links":{"self":[{"href":"https:\/\/armadalogistics.com\/index.php\/wp-json\/wp\/v2\/pages\/960","targetHints":{"allow":["GET"]}}],"collection":[{"href":"https:\/\/armadalogistics.com\/index.php\/wp-json\/wp\/v2\/pages"}],"about":[{"href":"https:\/\/armadalogistics.com\/index.php\/wp-json\/wp\/v2\/types\/page"}],"author":[{"embeddable":true,"href":"https:\/\/armadalogistics.com\/index.php\/wp-json\/wp\/v2\/users\/1"}],"replies":[{"embeddable":true,"href":"https:\/\/armadalogistics.com\/index.php\/wp-json\/wp\/v2\/comments?post=960"}],"version-history":[{"count":2,"href":"https:\/\/armadalogistics.com\/index.php\/wp-json\/wp\/v2\/pages\/960\/revisions"}],"predecessor-version":[{"id":1922,"href":"https:\/\/armadalogistics.com\/index.php\/wp-json\/wp\/v2\/pages\/960\/revisions\/1922"}],"wp:attachment":[{"href":"https:\/\/armadalogistics.com\/index.php\/wp-json\/wp\/v2\/media?parent=960"}],"curies":[{"name":"wp","href":"https:\/\/api.w.org\/{rel}","templated":true}]}}